{"id":38,"date":"2026-05-11T22:03:36","date_gmt":"2026-05-11T22:03:36","guid":{"rendered":"https:\/\/beautybarvoyage.com\/galerie\/"},"modified":"2026-05-11T22:16:36","modified_gmt":"2026-05-11T22:16:36","slug":"galerie","status":"publish","type":"page","link":"https:\/\/beautybarvoyage.com\/en\/galerie\/","title":{"rendered":"Galerie"},"content":{"rendered":"<div class=\"wp-block-group alignfull is-style-ext-preset--group--natural-1--section has-background-background-color has-background has-global-padding is-layout-constrained wp-container-core-group-is-layout-f72f1611 wp-block-group-is-layout-constrained is-style-ext-preset--group--natural-1--section--1\" id=\"galerie\" style=\"margin-top:0;margin-bottom:0;padding-top:var(--wp--preset--spacing--70);padding-bottom:var(--wp--preset--spacing--70)\">\n<div class=\"wp-block-group alignwide ext-is-logical-start has-global-padding is-content-justification-left is-layout-constrained wp-container-core-group-is-layout-6729bdbe wp-block-group-is-layout-constrained\">\n<h2 class=\"wp-block-heading ext-animate--on\">Explorez notre collection photo captivante<\/h2>\n\n\n\n<p class=\"has-text-align-left ext-animate--on\">Plongez dans une s\u00e9rie d&rsquo;images exclusives qui illustrent parfaitement les voyages esth\u00e9tiques et culturels uniques que nous proposons.<\/p>\n<\/div>\n\n\n\n<div class=\"wp-block-columns alignwide are-vertically-aligned-top is-layout-flex wp-container-core-columns-is-layout-87beb0d0 wp-block-columns-is-layout-flex\">\n<div class=\"wp-block-column is-vertically-aligned-top ext-animate--on is-layout-flow wp-container-core-column-is-layout-f5bb311e wp-block-column-is-layout-flow\">\n<figure class=\"wp-block-image is-style-ext-preset--image--natural-1--image-1--content-bottom is-style-ext-preset--image--natural-1--image-1--content-bottom--2\"><img loading=\"lazy\" decoding=\"async\" width=\"1440\" height=\"942\" class=\"wp-image-56\" src=\"https:\/\/beautybarvoyage.com\/wp-content\/uploads\/2026\/05\/a5e0bda185eb9325e6361b7680e4674561fdec79.jpg\" alt=\"\" style=\"aspect-ratio:1;object-fit:cover\" srcset=\"https:\/\/beautybarvoyage.com\/wp-content\/uploads\/2026\/05\/a5e0bda185eb9325e6361b7680e4674561fdec79.jpg 1440w, https:\/\/beautybarvoyage.com\/wp-content\/uploads\/2026\/05\/a5e0bda185eb9325e6361b7680e4674561fdec79-300x196.jpg 300w, https:\/\/beautybarvoyage.com\/wp-content\/uploads\/2026\/05\/a5e0bda185eb9325e6361b7680e4674561fdec79-1024x670.jpg 1024w, https:\/\/beautybarvoyage.com\/wp-content\/uploads\/2026\/05\/a5e0bda185eb9325e6361b7680e4674561fdec79-768x502.jpg 768w\" sizes=\"auto, (max-width: 1440px) 100vw, 1440px\" \/><\/figure>\n\n\n\n<figure class=\"wp-block-image is-style-ext-preset--image--natural-1--image-1--content-bottom is-style-ext-preset--image--natural-1--image-1--content-bottom--3\"><img loading=\"lazy\" decoding=\"async\" width=\"961\" height=\"1440\" class=\"wp-image-60\" src=\"https:\/\/beautybarvoyage.com\/wp-content\/uploads\/2026\/05\/4b96d4a171d27aeb3b647b905d9ddf3af26c3ec7.jpg\" alt=\"\" style=\"aspect-ratio:1;object-fit:cover\" srcset=\"https:\/\/beautybarvoyage.com\/wp-content\/uploads\/2026\/05\/4b96d4a171d27aeb3b647b905d9ddf3af26c3ec7.jpg 961w, https:\/\/beautybarvoyage.com\/wp-content\/uploads\/2026\/05\/4b96d4a171d27aeb3b647b905d9ddf3af26c3ec7-200x300.jpg 200w, https:\/\/beautybarvoyage.com\/wp-content\/uploads\/2026\/05\/4b96d4a171d27aeb3b647b905d9ddf3af26c3ec7-683x1024.jpg 683w, https:\/\/beautybarvoyage.com\/wp-content\/uploads\/2026\/05\/4b96d4a171d27aeb3b647b905d9ddf3af26c3ec7-768x1151.jpg 768w\" sizes=\"auto, (max-width: 961px) 100vw, 961px\" \/><\/figure>\n<\/div>\n\n\n\n<div class=\"wp-block-column is-vertically-aligned-top ext-animate--on is-layout-flow wp-container-core-column-is-layout-f5bb311e wp-block-column-is-layout-flow\">\n<figure class=\"wp-block-image is-style-ext-preset--image--natural-1--image-1--content-bottom is-style-ext-preset--image--natural-1--image-1--content-bottom--4\"><img loading=\"lazy\" decoding=\"async\" width=\"960\" height=\"1440\" class=\"wp-image-61\" src=\"https:\/\/beautybarvoyage.com\/wp-content\/uploads\/2026\/05\/d1cae2db3425db022c24885dd52aa189872f7bc6.jpg\" alt=\"\" style=\"aspect-ratio:1;object-fit:cover\" srcset=\"https:\/\/beautybarvoyage.com\/wp-content\/uploads\/2026\/05\/d1cae2db3425db022c24885dd52aa189872f7bc6.jpg 960w, https:\/\/beautybarvoyage.com\/wp-content\/uploads\/2026\/05\/d1cae2db3425db022c24885dd52aa189872f7bc6-200x300.jpg 200w, https:\/\/beautybarvoyage.com\/wp-content\/uploads\/2026\/05\/d1cae2db3425db022c24885dd52aa189872f7bc6-683x1024.jpg 683w, https:\/\/beautybarvoyage.com\/wp-content\/uploads\/2026\/05\/d1cae2db3425db022c24885dd52aa189872f7bc6-768x1152.jpg 768w\" sizes=\"auto, (max-width: 960px) 100vw, 960px\" \/><\/figure>\n\n\n\n<figure class=\"wp-block-image is-style-ext-preset--image--natural-1--image-1--content-bottom is-style-ext-preset--image--natural-1--image-1--content-bottom--5\"><img loading=\"lazy\" decoding=\"async\" width=\"1440\" height=\"1440\" class=\"wp-image-62\" src=\"https:\/\/beautybarvoyage.com\/wp-content\/uploads\/2026\/05\/4fe491d531bc227cd5103998aa6a9f49683d8a3a.jpg\" alt=\"\" style=\"aspect-ratio:1;object-fit:cover\" srcset=\"https:\/\/beautybarvoyage.com\/wp-content\/uploads\/2026\/05\/4fe491d531bc227cd5103998aa6a9f49683d8a3a.jpg 1440w, https:\/\/beautybarvoyage.com\/wp-content\/uploads\/2026\/05\/4fe491d531bc227cd5103998aa6a9f49683d8a3a-300x300.jpg 300w, https:\/\/beautybarvoyage.com\/wp-content\/uploads\/2026\/05\/4fe491d531bc227cd5103998aa6a9f49683d8a3a-1024x1024.jpg 1024w, https:\/\/beautybarvoyage.com\/wp-content\/uploads\/2026\/05\/4fe491d531bc227cd5103998aa6a9f49683d8a3a-150x150.jpg 150w, https:\/\/beautybarvoyage.com\/wp-content\/uploads\/2026\/05\/4fe491d531bc227cd5103998aa6a9f49683d8a3a-768x768.jpg 768w\" sizes=\"auto, (max-width: 1440px) 100vw, 1440px\" \/><\/figure>\n<\/div>\n\n\n\n<div class=\"wp-block-column is-vertically-aligned-top ext-animate--on is-layout-flow wp-container-core-column-is-layout-f5bb311e wp-block-column-is-layout-flow\">\n<figure class=\"wp-block-image is-style-ext-preset--image--natural-1--image-1--content-bottom is-style-ext-preset--image--natural-1--image-1--content-bottom--6\"><img loading=\"lazy\" decoding=\"async\" width=\"1440\" height=\"960\" class=\"wp-image-47\" src=\"https:\/\/beautybarvoyage.com\/wp-content\/uploads\/2026\/05\/c07f60e15fd797963edcc8e7b1c28d94749cc3a4.jpg\" alt=\"\" style=\"aspect-ratio:1;object-fit:cover\" srcset=\"https:\/\/beautybarvoyage.com\/wp-content\/uploads\/2026\/05\/c07f60e15fd797963edcc8e7b1c28d94749cc3a4.jpg 1440w, https:\/\/beautybarvoyage.com\/wp-content\/uploads\/2026\/05\/c07f60e15fd797963edcc8e7b1c28d94749cc3a4-300x200.jpg 300w, https:\/\/beautybarvoyage.com\/wp-content\/uploads\/2026\/05\/c07f60e15fd797963edcc8e7b1c28d94749cc3a4-1024x683.jpg 1024w, https:\/\/beautybarvoyage.com\/wp-content\/uploads\/2026\/05\/c07f60e15fd797963edcc8e7b1c28d94749cc3a4-768x512.jpg 768w\" sizes=\"auto, (max-width: 1440px) 100vw, 1440px\" \/><\/figure>\n\n\n\n<figure class=\"wp-block-image is-style-ext-preset--image--natural-1--image-1--content-bottom is-style-ext-preset--image--natural-1--image-1--content-bottom--7\"><img loading=\"lazy\" decoding=\"async\" width=\"960\" height=\"1440\" class=\"wp-image-63\" src=\"https:\/\/beautybarvoyage.com\/wp-content\/uploads\/2026\/05\/f9677c1a4c4d10726159d9aebb041218f491faa7.jpg\" alt=\"\" style=\"aspect-ratio:1;object-fit:cover\" srcset=\"https:\/\/beautybarvoyage.com\/wp-content\/uploads\/2026\/05\/f9677c1a4c4d10726159d9aebb041218f491faa7.jpg 960w, https:\/\/beautybarvoyage.com\/wp-content\/uploads\/2026\/05\/f9677c1a4c4d10726159d9aebb041218f491faa7-200x300.jpg 200w, https:\/\/beautybarvoyage.com\/wp-content\/uploads\/2026\/05\/f9677c1a4c4d10726159d9aebb041218f491faa7-683x1024.jpg 683w, https:\/\/beautybarvoyage.com\/wp-content\/uploads\/2026\/05\/f9677c1a4c4d10726159d9aebb041218f491faa7-768x1152.jpg 768w\" sizes=\"auto, (max-width: 960px) 100vw, 960px\" \/><\/figure>\n<\/div>\n<\/div>\n<\/div>\n\n<div class=\"wp-block-group alignfull is-style-ext-preset--group--natural-1--section ext-animate--on has-tertiary-background-color has-background has-global-padding is-layout-constrained wp-container-core-group-is-layout-ab56ae29 wp-block-group-is-layout-constrained is-style-ext-preset--group--natural-1--section--8\" id=\"reserver-maintenant\" style=\"margin-top:0;margin-bottom:0;padding-top:var(--wp--preset--spacing--70);padding-bottom:var(--wp--preset--spacing--70)\">\n<h2 class=\"wp-block-heading has-text-align-center ext-animate--on\">D\u00e9couvrez comment organiser votre s\u00e9jour esth\u00e9tique en Moldavie en toute simplicit\u00e9.<\/h2>\n\n\n\n<p class=\"has-text-align-center ext-animate--on\" style=\"margin-top:1.5rem\">Cette page d\u00e9taille le processus de r\u00e9servation de nos voyages combinant soins esth\u00e9tiques et visites viticoles, avec toutes les informations n\u00e9cessaires pour garantir une exp\u00e9rience fluide et agr\u00e9able.<\/p>\n\n\n\n<div class=\"wp-block-group alignwide ext-animate--on has-global-padding is-layout-constrained wp-block-group-is-layout-constrained\"><div class=\"alert-container\">    <div class=\"alert alert-danger\" style=\"font-size: 16px; color: #721c24;background-color: #f8d7da;border-color: #f5c6cb; padding: 20px; border-radius: 5px;\">        <strong>Notice:<\/strong>        This is a demo SimplyBook.me widget.    <\/div><\/div><div id=\"sbw_z0hg2i_calendar\"><\/div><script type=\"text\/javascript\">function instantiateSimplyBookWidget() {    new SimplybookWidget({        \"widget_type\": \"iframe\",        \"url\": \"https:\/\/demowidgetwpplugin.simplybook.it\",        \"theme\": \"default\",        \"theme_settings\": {\"timeline_show_end_time\":false,\"timeline_hide_unavailable\":true,\"hide_past_days\":false,\"hide_img_mode\":true,\"show_sidebar\":true,\"timeline_modern_display\":\"as_slots\",\"display_item_mode\":\"block\",\"sb_base_color\":\"#292929\",\"booking_nav_bg_color\":\"#ffffff\",\"body_bg_color\":\"#f7f7f7\",\"dark_font_color\":\"#494949\",\"light_font_color\":\"var(--wp--custom--elements--button--color--text)\",\"btn_color_1\":\"#ffffff\",\"sb_company_label_color\":\"#ffffff\",\"sb_busy\":\"#292929\",\"sb_available\":\"var(--wp--custom--elements--button--color--background)\",\"sb_review_image\":\"\",\"hide_company_label\":false,\"link_color\":\"var(--wp--custom--elements--button--color--background)\"},        \"timeline\": \"modern\",        \"datepicker\": \"top_calendar\",        \"is_rtl\": \"\",        \"app_config\": {            \"clear_session\": \"1\",            \"allow_switch_to_ada\": \"\",            \"predefined\": [],        },        \"container_id\": \"sbw_z0hg2i_calendar\"    });}document.addEventListener(\"DOMContentLoaded\", instantiateSimplyBookWidget);document.addEventListener(\"loadSimplyBookPreviewWidget\", instantiateSimplyBookWidget);<\/script><\/div>\n<\/div>\n\n<div class=\"wp-block-group alignfull is-style-ext-preset--group--natural-1--section has-background-background-color has-background has-global-padding is-layout-constrained wp-block-group-is-layout-constrained is-style-ext-preset--group--natural-1--section--9\" style=\"margin-top:0;margin-bottom:0;padding-top:var(--wp--preset--spacing--70);padding-bottom:var(--wp--preset--spacing--70)\">\n<div class=\"wp-block-columns alignwide are-vertically-aligned-center is-layout-flex wp-container-core-columns-is-layout-174606dc wp-block-columns-is-layout-flex\">\n<div class=\"wp-block-column is-vertically-aligned-center is-layout-flow wp-block-column-is-layout-flow\">\n<h2 class=\"wp-block-heading ext-animate--on\">D\u00e9couvrez la beaut\u00e9 et le bien-\u00eatre en Moldavie avec nous.<\/h2>\n\n\n\n<p class=\"ext-animate--on\" style=\"margin-top:1.5rem\">Plongez dans nos voyages exclusifs alliant soins esth\u00e9tiques et d\u00e9couvertes culturelles, pour une exp\u00e9rience inoubliable. R\u00e9servez d\u00e8s maintenant et transformez votre voyage en un moment unique.<\/p>\n\n\n\n<div class=\"wp-block-buttons ext-animate--on is-layout-flex wp-block-buttons-is-layout-flex\">\n<div class=\"wp-block-button is-style-ext-preset--button--natural-1--button-1 is-style-ext-preset--button--natural-1--button-1--10\"><a class=\"wp-block-button__link wp-element-button\" href=\"https:\/\/beautybarvoyage.com\/en\/contact\/\">Voir la galerie<\/a><\/div>\n<\/div>\n<\/div>\n\n\n\n<div class=\"wp-block-column is-vertically-aligned-center is-layout-flow wp-block-column-is-layout-flow\">\n<figure class=\"wp-block-image is-style-ext-preset--image--natural-1--image-1--content-right ext-animate--on is-style-ext-preset--image--natural-1--image-1--content-right--11\"><img loading=\"lazy\" decoding=\"async\" width=\"1440\" height=\"810\" class=\"wp-image-64\" src=\"https:\/\/beautybarvoyage.com\/wp-content\/uploads\/2026\/05\/0eaaf03a4979e18724e13887e94f2139d3151b05.jpg\" alt=\"\" style=\"aspect-ratio:4\/3;object-fit:cover\" srcset=\"https:\/\/beautybarvoyage.com\/wp-content\/uploads\/2026\/05\/0eaaf03a4979e18724e13887e94f2139d3151b05.jpg 1440w, https:\/\/beautybarvoyage.com\/wp-content\/uploads\/2026\/05\/0eaaf03a4979e18724e13887e94f2139d3151b05-300x169.jpg 300w, https:\/\/beautybarvoyage.com\/wp-content\/uploads\/2026\/05\/0eaaf03a4979e18724e13887e94f2139d3151b05-1024x576.jpg 1024w, https:\/\/beautybarvoyage.com\/wp-content\/uploads\/2026\/05\/0eaaf03a4979e18724e13887e94f2139d3151b05-768x432.jpg 768w\" sizes=\"auto, (max-width: 1440px) 100vw, 1440px\" \/><\/figure>\n<\/div>\n<\/div>\n<\/div>","protected":false},"excerpt":{"rendered":"<p>Explorez notre collection photo captivante Plongez dans une s\u00e9rie d&rsquo;images exclusives qui illustrent parfaitement les voyages esth\u00e9tiques et culturels uniques que nous proposons. D\u00e9couvrez comment organiser votre s\u00e9jour esth\u00e9tique en Moldavie en toute simplicit\u00e9. Cette page d\u00e9taille le processus de r\u00e9servation de nos voyages combinant soins esth\u00e9tiques et visites viticoles, avec toutes les informations n\u00e9cessaires [&hellip;]<\/p>\n","protected":false},"author":1,"featured_media":0,"parent":0,"menu_order":0,"comment_status":"closed","ping_status":"closed","template":"page-with-title","meta":{"footnotes":""},"class_list":["post-38","page","type-page","status-publish","hentry"],"_links":{"self":[{"href":"https:\/\/beautybarvoyage.com\/en\/wp-json\/wp\/v2\/pages\/38","targetHints":{"allow":["GET"]}}],"collection":[{"href":"https:\/\/beautybarvoyage.com\/en\/wp-json\/wp\/v2\/pages"}],"about":[{"href":"https:\/\/beautybarvoyage.com\/en\/wp-json\/wp\/v2\/types\/page"}],"author":[{"embeddable":true,"href":"https:\/\/beautybarvoyage.com\/en\/wp-json\/wp\/v2\/users\/1"}],"replies":[{"embeddable":true,"href":"https:\/\/beautybarvoyage.com\/en\/wp-json\/wp\/v2\/comments?post=38"}],"version-history":[{"count":2,"href":"https:\/\/beautybarvoyage.com\/en\/wp-json\/wp\/v2\/pages\/38\/revisions"}],"predecessor-version":[{"id":65,"href":"https:\/\/beautybarvoyage.com\/en\/wp-json\/wp\/v2\/pages\/38\/revisions\/65"}],"wp:attachment":[{"href":"https:\/\/beautybarvoyage.com\/en\/wp-json\/wp\/v2\/media?parent=38"}],"curies":[{"name":"wp","href":"https:\/\/api.w.org\/{rel}","templated":true}]}}